{"id":2,"date":"2017-07-16T07:40:27","date_gmt":"2017-07-16T07:40:27","guid":{"rendered":"http:\/\/rlb.border-top.fr\/?page_id=2"},"modified":"2020-10-15T09:46:10","modified_gmt":"2020-10-15T09:46:10","slug":"mentions-legales","status":"publish","type":"page","link":"https:\/\/www.rl-osteobarcelona.eu\/fr\/mentions-legales\/","title":{"rendered":"Mentions l\u00e9gales"},"content":{"rendered":"<div class=\"wpb-content-wrapper\"><p>[vc_row][vc_column][vc_column_text]Le portail www.rl-osteobarcelona.eu est la propri\u00e9t\u00e9 de Raymond Lopez :<\/p>\n<p>9 avenue Henri Ducrot, 18000 Bourges \u2013 France<br \/>\nT\u00e9l. : +33 248 651 303<br \/>\nCourriel : webmaster [at] rl-osteobarcelona.eu ou par formulaire de contact<br \/>\nidentifiant SIRET 792 320 756 00010,<\/p>\n<p>Poeta Cabanyes 22 bis, 08004 Barcelone<br \/>\nT\u00e9l. : +33 248 651 303<br \/>\nCourriel : webmaster [at] rl-osteobarcelona.eu ou par formulaire de contact<br \/>\nidentifiant NIF A\/C P-0801900B \/ X09248886B<\/p>\n<p>Raymond Lopez est le directeur de publication du pr\u00e9sent site web.<\/p>\n<h4>H\u00e9bergement<\/h4>\n<p>Le site www.rl-osteobarcelona.eu est h\u00e9berg\u00e9 par:<\/p>\n<p>GANDI SAS, Soci\u00e9t\u00e9 par Actions Simplifi\u00e9e au capital de 800.000\u20ac ayant son si\u00e8ge social au<br \/>\n63-65 boulevard Massena \u00e0 Paris (75013) FRANCE,<br \/>\nimmatricul\u00e9e sous le num\u00e9ro 423 093 459 RCS PARIS<br \/>\nN\u00b0 TVA FR81423093459<br \/>\nT\u00e9l\u00e9phone : +33.(0) 1 70 37 76 61[\/vc_column_text][\/vc_column][\/vc_row][vc_row][vc_column][vc_single_image image=\u00a0\u00bb20&Prime; img_size=\u00a0\u00bbfull\u00a0\u00bb alignment=\u00a0\u00bbcenter\u00a0\u00bb][\/vc_column][\/vc_row][vc_row][vc_column width=\u00a0\u00bb1\/2&Prime;][vc_column_text]<\/p>\n<h4>Informations personnelles<\/h4>\n<p>Conform\u00e9ment \u00e0 la loi Informatique et libert\u00e9s du 6 janvier 1978 et \u00e0 la loi du 6 ao\u00fbt 2004, vous disposez d\u2019un droit d\u2019acc\u00e8s, de rectification, de modification et de suppression concernant les donn\u00e9es qui vous concernent. Vous pouvez exercer ce droit en envoyant un courrier, un mail (webmaster [at] rl-osteobarcelona.eu) ou en utilisant notre formulaire de contact.<br \/>\nEn aucun cas, les donn\u00e9es que vous nous communiquerez du fait des formulaires pr\u00e9sents sur le site ne seront transmises \u00e0 un tiers, que ce soit \u00e0 titre commercial ou non.[\/vc_column_text][\/vc_column][vc_column width=\u00a0\u00bb1\/2&Prime;][vc_column_text]<\/p>\n<h4>Propri\u00e9t\u00e9 intellectuelle<\/h4>\n<p>L\u2019ensemble de ce site rel\u00e8ve des l\u00e9gislations fran\u00e7aise et internationale sur le droit d\u2019auteur et la propri\u00e9t\u00e9 intellectuelle.<br \/>\nTous les droits des auteurs des Oeuvres prot\u00e9g\u00e9es reproduites et communiqu\u00e9es sur ce site, sont r\u00e9serv\u00e9s. Sauf autorisation, toute utilisation des Oeuvres autres que la reproduction et la consultation individuelles et priv\u00e9es sont interdites.[\/vc_column_text][\/vc_column][\/vc_row][vc_row][vc_column][vc_column_text]<\/p>\n<h4>Liens hypertextes<\/h4>\n<p>La mise en place de liens vers le site www.rl-osteobarcelona.eu n\u2019est conditionn\u00e9e \u00e0 aucun accord pr\u00e9alable. Seule la mention explicite de ce site est souhait\u00e9e. Il est souhaitable \u00e9galement d\u2019afficher ce site dans une nouvelle fen\u00eatre du navigateur.<br \/>\nCependant, nous nous r\u00e9servons le droit de demander la suppression d\u2019un lien que nous estimerions non conforme \u00e0 l\u2019objet du pr\u00e9sent site.<br \/>\nLe site www.rl-osteobarcelona.eu\u00a0peut contenir des liens hypertextes vers d\u2019autres sites pr\u00e9sents sur le r\u00e9seau Internet. Ces liens vers ces autres ressources vous font alors quitter le site. Dans un tel cas nous ne saurions en aucun cas \u00eatre tenue pour responsable du contenu d\u2019un site internet vers lequel un lien ou un flux RSS a \u00e9t\u00e9 \u00e9tabli.[\/vc_column_text][\/vc_column][\/vc_row]<\/p>\n<\/div>","protected":false},"excerpt":{"rendered":"<p>[vc_row][vc_column][vc_column_text]Le portail www.rl-osteobarcelona.eu est la propri\u00e9t\u00e9 de Raymond Lopez : 9 avenue Henri Ducrot, 18000 Bourges \u2013 France T\u00e9l. : +33 248 651 303 Courriel : webmaster [at] rl-osteobarcelona.eu ou par formulaire de contact identifiant SIRET 792 320 756 00010, Poeta Cabanyes 22 bis, 08004 Barcelone T\u00e9l. : +33 248 651 303 Courriel : webmaster [at] rl-osteobarcelona.eu ou par formulaire de contact identifiant NIF A\/C P-0801900B \/ X09248886B Raymond Lopez [&hellip;]<\/p>\n","protected":false},"author":6,"featured_media":0,"parent":0,"menu_order":0,"comment_status":"closed","ping_status":"open","template":"","meta":{"_seopress_robots_primary_cat":"","_seopress_titles_title":"","_seopress_titles_desc":"","_seopress_robots_index":"","footnotes":""},"class_list":["post-2","page","type-page","status-publish","hentry"],"_links":{"self":[{"href":"https:\/\/www.rl-osteobarcelona.eu\/fr\/wp-json\/wp\/v2\/pages\/2","targetHints":{"allow":["GET"]}}],"collection":[{"href":"https:\/\/www.rl-osteobarcelona.eu\/fr\/wp-json\/wp\/v2\/pages"}],"about":[{"href":"https:\/\/www.rl-osteobarcelona.eu\/fr\/wp-json\/wp\/v2\/types\/page"}],"author":[{"embeddable":true,"href":"https:\/\/www.rl-osteobarcelona.eu\/fr\/wp-json\/wp\/v2\/users\/6"}],"replies":[{"embeddable":true,"href":"https:\/\/www.rl-osteobarcelona.eu\/fr\/wp-json\/wp\/v2\/comments?post=2"}],"version-history":[{"count":14,"href":"https:\/\/www.rl-osteobarcelona.eu\/fr\/wp-json\/wp\/v2\/pages\/2\/revisions"}],"predecessor-version":[{"id":99,"href":"https:\/\/www.rl-osteobarcelona.eu\/fr\/wp-json\/wp\/v2\/pages\/2\/revisions\/99"}],"wp:attachment":[{"href":"https:\/\/www.rl-osteobarcelona.eu\/fr\/wp-json\/wp\/v2\/media?parent=2"}],"curies":[{"name":"wp","href":"https:\/\/api.w.org\/{rel}","templated":true}]}}