{"id":119,"date":"2017-07-23T08:26:18","date_gmt":"2017-07-23T08:26:18","guid":{"rendered":"http:\/\/barcelona.rl-osteo.fr\/?page_id=119"},"modified":"2017-08-13T16:24:53","modified_gmt":"2017-08-13T16:24:53","slug":"aviso-legal","status":"publish","type":"page","link":"https:\/\/www.rl-osteobarcelona.eu\/es\/aviso-legal\/","title":{"rendered":"Aviso legal"},"content":{"rendered":"<div class=\"wpb-content-wrapper\"><p>[vc_row][vc_column][vc_column_text]El portal\u00a0www.rl-osteobarcelona.eu es propiedad de\u00a0Raymond Lopez :<\/p>\n<p>9 avenue Henri Ducrot, 18000 Bourges \u2013 France<br \/>\nTel. : +33 248 651 303<br \/>\nCorreo : webmaster [at] rl-osteobarcelona.eu o por el formulario de contacto<br \/>\nidentificador NIF A\/C P-0801900B \/ X09248886B<\/p>\n<p>Poeta Cabanyes 22 bis, 08004 Barcelona<br \/>\nTel. : +33 248 651 303<br \/>\nCorreo : webmaster [at] rl-osteobarcelona.eu o por el formulario de contacto<br \/>\nidentificador NIF A\/C P-0801900B \/ X09248886B<\/p>\n<p><span style=\"line-height: 1.5;\">Raymond Lopez es el director de publicaci\u00f3n de esta web.<\/span>;<\/p>\n<h4>Alojamiento<\/h4>\n<p>La web www.rl-osteobarcelona.eu est\u00e1 alojada en:<\/p>\n<p>GANDI SAS, Soci\u00e9t\u00e9 par Actions Simplifi\u00e9e au capital de 800.000\u20ac ayant son si\u00e8ge social au<br \/>\n63-65 boulevard Massena \u00e0 Paris (75013) FRANCE,<br \/>\nimmatricul\u00e9e sous le num\u00e9ro 423 093 459 RCS PARIS<br \/>\nN\u00b0 TVA FR81423093459<br \/>\nT\u00e9l\u00e9phone : +33.(0) 1 70 37 76 61[\/vc_column_text][\/vc_column][\/vc_row][vc_row][vc_column][vc_single_image image=\u00bb20&#8243; img_size=\u00bbfull\u00bb alignment=\u00bbcenter\u00bb][\/vc_column][\/vc_row][vc_row][vc_column width=\u00bb1\/2&#8243;][vc_column_text]<\/p>\n<h4>Informaciones personales<\/h4>\n<p>De acuerdo con la ley de inform\u00e1tica y libertades del 6 de enero de 1978 y a la ley del 6 de agosto de 2004, usted dispone del derecho de acceso, rectificaci\u00f3n, modificaci\u00f3n y supresi\u00f3n relativos a sus datos personales. Pueden ejercer este derecho por correo postal, correo electr\u00f3nico o utilizando nuestro formulario de contacto.[\/vc_column_text][\/vc_column][vc_column width=\u00bb1\/2&#8243;][vc_column_text]<\/p>\n<h4>Propiedad intelectual<\/h4>\n<p>El conjunto de esta p\u00e1gina web est\u00e1 protegido por las legislaciones francesa e internacional sobre los derechos de autor y de la propiedad intelectual.<br \/>\nTodos los derechos de autor de las obras protegidas reproducidas y comunicadas en esta p\u00e1gina web est\u00e1n reservados. Excepto autorizaci\u00f3n, toda utilizaci\u00f3n de las Obras a parte de la reproducci\u00f3n y la consulta individual y privada, est\u00e1n prohibidas.[\/vc_column_text][\/vc_column][\/vc_row][vc_row][vc_column][vc_column_text]<\/p>\n<h4>Enlaces hipertxto<\/h4>\n<p>El establecimiento de enlaces hacia esta p\u00e1gina web no est\u00e1 condicionada por un acuerdo previo. Se recomienda solo usar la menci\u00f3n expl\u00edcita de esta p\u00e1gina web. Tambi\u00e9n es aconsejable abrir esta p\u00e1gina en una ventana nueva del navegador.<br \/>\nNo obstante nos reservamos el derecho de pedir la supresi\u00f3n de un enlace que se estime no conforme con el objeto de esta p\u00e1gina web.<br \/>\nLa p\u00e1gina web www.rl-osteobarcelona.eu puede contener enlaces hipertexto hacia otras p\u00e1ginas presentes en la red de internet. Estos enlaces hacia otras fuentes os hacen salir de esta p\u00e1gina. En tal caso nosotros no nos hacemos en ning\u00fan caso responsables de los contenidos de las p\u00e1ginas web hacia el que un enlace o flujo RSS establezca.[\/vc_column_text][\/vc_column][\/vc_row]<\/p>\n<\/div>","protected":false},"excerpt":{"rendered":"<p>[vc_row][vc_column][vc_column_text]El portal\u00a0www.rl-osteobarcelona.eu es propiedad de\u00a0Raymond Lopez : 9 avenue Henri Ducrot, 18000 Bourges \u2013 France Tel. : +33 248 651 303 Correo : webmaster [at] rl-osteobarcelona.eu o por el formulario de contacto identificador NIF A\/C P-0801900B \/ X09248886B Poeta Cabanyes 22 bis, 08004 Barcelona Tel. : +33 248 651 303 Correo : webmaster [at] rl-osteobarcelona.eu o por el formulario de contacto identificador NIF A\/C P-0801900B \/ X09248886B Raymond Lopez es [&hellip;]<\/p>\n","protected":false},"author":6,"featured_media":0,"parent":0,"menu_order":0,"comment_status":"closed","ping_status":"open","template":"","meta":{"_seopress_robots_primary_cat":"","_seopress_titles_title":"","_seopress_titles_desc":"","_seopress_robots_index":"","footnotes":""},"class_list":["post-119","page","type-page","status-publish","hentry"],"_links":{"self":[{"href":"https:\/\/www.rl-osteobarcelona.eu\/es\/wp-json\/wp\/v2\/pages\/119","targetHints":{"allow":["GET"]}}],"collection":[{"href":"https:\/\/www.rl-osteobarcelona.eu\/es\/wp-json\/wp\/v2\/pages"}],"about":[{"href":"https:\/\/www.rl-osteobarcelona.eu\/es\/wp-json\/wp\/v2\/types\/page"}],"author":[{"embeddable":true,"href":"https:\/\/www.rl-osteobarcelona.eu\/es\/wp-json\/wp\/v2\/users\/6"}],"replies":[{"embeddable":true,"href":"https:\/\/www.rl-osteobarcelona.eu\/es\/wp-json\/wp\/v2\/comments?post=119"}],"version-history":[{"count":5,"href":"https:\/\/www.rl-osteobarcelona.eu\/es\/wp-json\/wp\/v2\/pages\/119\/revisions"}],"predecessor-version":[{"id":124,"href":"https:\/\/www.rl-osteobarcelona.eu\/es\/wp-json\/wp\/v2\/pages\/119\/revisions\/124"}],"wp:attachment":[{"href":"https:\/\/www.rl-osteobarcelona.eu\/es\/wp-json\/wp\/v2\/media?parent=119"}],"curies":[{"name":"wp","href":"https:\/\/api.w.org\/{rel}","templated":true}]}}