{"id":115,"date":"2017-07-23T08:18:59","date_gmt":"2017-07-23T08:18:59","guid":{"rendered":"http:\/\/barcelona.rl-osteo.fr\/?page_id=115"},"modified":"2017-07-23T08:20:32","modified_gmt":"2017-07-23T08:20:32","slug":"legal-notice","status":"publish","type":"page","link":"https:\/\/www.rl-osteobarcelona.eu\/en\/legal-notice\/","title":{"rendered":"Legal notice"},"content":{"rendered":"<div class=\"wpb-content-wrapper\"><p>[vc_row][vc_column][vc_column_text]The www.rl-osteobarcelona.eu portal is the property of Raymond Lopez:<\/p>\n<p>9 avenue Henri Ducrot, 18000 Bourges &#8211; France<br \/>\nTel. +33 248 651 303<br \/>\nEmail: webmaster [at] rl-osteobarcelona.eu or contact form<br \/>\nidentifier SIRET 792 320 756 00010,<\/p>\n<p>Poeta Cabanyes 22a, 08004 Barcelona<br \/>\nTel. +33 248 651 303<br \/>\nEmail: webmaster [at] rl-osteobarcelona.eu or contact form<br \/>\nidentifying NIF A \/ C P-0801900B \/ X09248886B<\/p>\n<p>Raymond Lopez is the editor of this website.<br \/>\n&lt;h4&gt;Hosting&lt;\/h4&gt;<br \/>\nThe site www.rl-osteobarcelona.eu is hosted by:<\/p>\n<p>GANDI SAS, Soci\u00e9t\u00e9 par Actions Simplifi\u00e9e au capital de 800.000\u20ac ayant son si\u00e8ge social au<br \/>\n63-65 boulevard Massena \u00e0 Paris (75013) FRANCE,<br \/>\nimmatricul\u00e9e sous le num\u00e9ro 423 093 459 RCS PARIS<br \/>\nN\u00b0 TVA FR81423093459<br \/>\nT\u00e9l\u00e9phone : +33.(0) 1 70 37 76 61[\/vc_column_text][\/vc_column][\/vc_row][vc_row][vc_column][vc_single_image image=&#8221;20&#8243; img_size=&#8221;full&#8221; alignment=&#8221;center&#8221;][\/vc_column][\/vc_row][vc_row][vc_column width=&#8221;1\/2&#8243;][vc_column_text]<br \/>\n&lt;h4&gt;Personal informations&lt;\/h4&gt;<br \/>\nIn accordance with the data protection act of 6 January 1978 and the law of 6 August 2004, you have the right to access, rectify, modify and delete data concerning you. You can exercise this right by sending a letter, an email (webmaster [at] rl-osteobarcelona.eu) or using our contact form. In no event will the information you provide us through the forms on the site will not be passed to a third party, whether for commercial or non title.[\/vc_column_text][\/vc_column][vc_column width=&#8221;1\/2&#8243;][vc_column_text]<br \/>\n&lt;h4&gt;intellectual property&lt;\/h4&gt;<br \/>\nThe entire site is subject to French and international legislation on copyright and intellectual property. All rights of authors of protected works reproduced and communicated on this site, are reserved. Any unauthorized use of works other than reproduction and individual and private consultation are prohibited.[\/vc_column_text][\/vc_column][\/vc_row][vc_row][vc_column][vc_column_text]<br \/>\n&lt;h4&gt;Hypertext links&lt;\/h4&gt;<br \/>\nThe establishment of links to the site www.rl-osteobarcelona.eu is conditional on no prior agreement. Only the explicit mention of this site is desired. It is also desirable to view this site in a new browser window.<br \/>\nHowever, we reserve the right to request removal of a link that we would not feel consistent with the purpose of this site.<br \/>\nThe www.rl-osteobarcelona.eu site may contain links to other sites on the Internet. The links to these other resources lead you to you leave the site. In such a case we can not in any way be held responsible for the content of a Web site to which a link or an RSS feed was established.[\/vc_column_text][\/vc_column][\/vc_row]<\/p>\n<\/div>","protected":false},"excerpt":{"rendered":"<p>[vc_row][vc_column][vc_column_text]The www.rl-osteobarcelona.eu portal is the property of Raymond Lopez: 9 avenue Henri Ducrot, 18000 Bourges &#8211; France Tel. +33 248 651 303 Email: webmaster [at] rl-osteobarcelona.eu or contact form identifier SIRET 792 320 756 00010, Poeta Cabanyes 22a, 08004 Barcelona Tel. +33 248 651 303 Email: webmaster [at] rl-osteobarcelona.eu or contact form identifying NIF A \/ C P-0801900B \/ X09248886B Raymond Lopez is the editor of this website. &lt;h4&gt;Hosting&lt;\/h4&gt; The [&hellip;]<\/p>\n","protected":false},"author":6,"featured_media":0,"parent":0,"menu_order":0,"comment_status":"closed","ping_status":"open","template":"","meta":{"_seopress_robots_primary_cat":"","_seopress_titles_title":"","_seopress_titles_desc":"","_seopress_robots_index":"","footnotes":""},"class_list":["post-115","page","type-page","status-publish","hentry"],"_links":{"self":[{"href":"https:\/\/www.rl-osteobarcelona.eu\/en\/wp-json\/wp\/v2\/pages\/115","targetHints":{"allow":["GET"]}}],"collection":[{"href":"https:\/\/www.rl-osteobarcelona.eu\/en\/wp-json\/wp\/v2\/pages"}],"about":[{"href":"https:\/\/www.rl-osteobarcelona.eu\/en\/wp-json\/wp\/v2\/types\/page"}],"author":[{"embeddable":true,"href":"https:\/\/www.rl-osteobarcelona.eu\/en\/wp-json\/wp\/v2\/users\/6"}],"replies":[{"embeddable":true,"href":"https:\/\/www.rl-osteobarcelona.eu\/en\/wp-json\/wp\/v2\/comments?post=115"}],"version-history":[{"count":3,"href":"https:\/\/www.rl-osteobarcelona.eu\/en\/wp-json\/wp\/v2\/pages\/115\/revisions"}],"predecessor-version":[{"id":118,"href":"https:\/\/www.rl-osteobarcelona.eu\/en\/wp-json\/wp\/v2\/pages\/115\/revisions\/118"}],"wp:attachment":[{"href":"https:\/\/www.rl-osteobarcelona.eu\/en\/wp-json\/wp\/v2\/media?parent=115"}],"curies":[{"name":"wp","href":"https:\/\/api.w.org\/{rel}","templated":true}]}}